{"id":24,"date":"2021-12-10T12:29:29","date_gmt":"2021-12-10T12:29:29","guid":{"rendered":"https:\/\/www.lanz-berlin.de\/?page_id=24"},"modified":"2026-01-15T16:43:36","modified_gmt":"2026-01-15T16:43:36","slug":"lanz-anwaltskanzlei","status":"publish","type":"page","link":"https:\/\/www.lanz-berlin.de\/de\/","title":{"rendered":"LANZ Anwaltskanzlei"},"content":{"rendered":"<div class=\"gb-container gb-container-4097019f\"><div class=\"gb-inside-container\">\n<div class=\"gb-grid-wrapper gb-grid-wrapper-4eb70b2d\">\n<div class=\"gb-grid-column gb-grid-column-c2e2e267\"><div class=\"gb-container gb-container-c2e2e267\"><div class=\"gb-inside-container\">\n\n<h3 class=\"gb-headline gb-headline-620f9d2b gb-headline-text\">Kanzlei f\u00fcr Markenrecht <\/h3>\n\n\n\n<h2 class=\"gb-headline gb-headline-b97dafac gb-headline-text\">Rechtsanw\u00e4ltin Dr. Brigitte Lanz, LL.M.<\/h2>\n\n\n\n<p>Anw\u00e4ltin f\u00fcr Markenrecht<\/p>\n\n\n\n<p class=\"has-contrast-color has-text-color has-medium-font-size\">ber\u00e4t Sie bei Fragen zum Markenrecht. Profitieren Sie von unserer langj\u00e4hrigen und internationalen Erfahrung! <\/p>\n\n\n\n<p><\/p>\n\n\n\n<p class=\"has-medium-font-size\">Dr. Brigitte Lanz ist seit 2005 in Berlin als Rechtsanw\u00e4ltin zugelassen. Seit dem Jahr 2009 ist sie selbst\u00e4ndig in Ihrer Kanzlei f\u00fcr Markenrecht in Berlin Mitte t\u00e4tig.<\/p>\n\n\n\n<p class=\"has-contrast-color has-text-color has-medium-font-size\"><\/p>\n\n\n\n<h2 class=\"gb-headline gb-headline-23b4fecd gb-headline-text\">Das zentrale Anliegen der Kanzlei Lanz:<\/h2>\n\n\n\n<p class=\"has-contrast-color has-text-color has-medium-font-size\">Eine pers\u00f6nliche, auf Sie zugeschnittene Beratung \u2013 und zwar in einer verst\u00e4ndlichen Sprache und zu fairen Preisen.<br><\/p>\n\n\n\n<h2 class=\"gb-headline gb-headline-e27c3ef7 gb-headline-text\">Vereinbaren Sie mit uns einen Termin.<\/h2>\n\n\n\n<p class=\"has-contrast-color has-text-color has-medium-font-size\">Wir beraten Sie gerne und das schnell, kompetent und verst\u00e4ndlich.<\/p>\n\n\n<div class=\"gb-button-wrapper gb-button-wrapper-5879e236\">\n\n<a class=\"gb-button gb-button-a9e0f081 gb-button-text\" href=\"https:\/\/www.lanz-berlin.de\/de\/kontakt\/\">Kontaktieren Sie uns<\/a>\n\n<\/div>\n<\/div><\/div><\/div>\n\n<div class=\"gb-grid-column gb-grid-column-ca8c8e23\"><div class=\"gb-container gb-container-ca8c8e23\"><div class=\"gb-inside-container\">\n\n<figure class=\"wp-block-image size-full is-resized is-style-rounded\"><img loading=\"lazy\" decoding=\"async\" width=\"620\" height=\"620\" src=\"https:\/\/www.lanz-berlin.de\/wp-content\/uploads\/2022\/02\/Lanz_Anwaltskanzlei_Portrait.jpg\" alt=\"\" class=\"wp-image-1276\" style=\"width:310px;height:310px\" srcset=\"https:\/\/www.lanz-berlin.de\/wp-content\/uploads\/2022\/02\/Lanz_Anwaltskanzlei_Portrait.jpg 620w, https:\/\/www.lanz-berlin.de\/wp-content\/uploads\/2022\/02\/Lanz_Anwaltskanzlei_Portrait-300x300.jpg 300w, https:\/\/www.lanz-berlin.de\/wp-content\/uploads\/2022\/02\/Lanz_Anwaltskanzlei_Portrait-150x150.jpg 150w\" sizes=\"auto, (max-width: 620px) 100vw, 620px\" \/><\/figure>\n\n<\/div><\/div><\/div>\n<\/div>\n<\/div><\/div>\n\n\n<hr class=\"wp-block-separator has-text-color has-css-opacity has-background\" style=\"background-color:#333333;color:#333333\"\/>\n\n\n<div class=\"gb-container gb-container-18764e9e\"><div class=\"gb-inside-container\">\n\n<h2 class=\"gb-headline gb-headline-fb22fa48 gb-headline-text\">LEISTUNGEN<\/h2>\n\n\n<div class=\"gb-grid-wrapper gb-grid-wrapper-c08fc997\">\n<div class=\"gb-grid-column gb-grid-column-6b4175d0\"><div class=\"gb-container gb-container-6b4175d0\"><div class=\"gb-inside-container\">\n\n<p class=\"has-medium-font-size\"><strong><strong>MARKENRECHT<\/strong><\/strong><\/p>\n\n\n\n<ul class=\"wp-block-list\">\n<li>Markenanmeldung<\/li>\n\n\n\n<li>Markenrechtsstreitungkeiten<br>(etwa Abmahnungen, Klagen)<\/li>\n<\/ul>\n\n\n<div class=\"gb-button-wrapper gb-button-wrapper-e8cebdbc\">\n\n<a class=\"gb-button gb-button-1a63e4cf gb-button-text\" href=\"https:\/\/www.lanz-berlin.de\/de\/markenrecht\">mehr<\/a>\n\n<\/div>\n<\/div><\/div><\/div>\n\n<div class=\"gb-grid-column gb-grid-column-dfd9b61f\"><div class=\"gb-container gb-container-dfd9b61f\"><div class=\"gb-inside-container\">\n\n<p class=\"has-medium-font-size\"><strong><strong><strong>MARKENANMELDUNG<\/strong><\/strong><\/strong><\/p>\n\n\n\n<ul class=\"wp-block-list\">\n<li>Marke anmelden in Deutschland<\/li>\n\n\n\n<li>EU-Markenanmeldung<\/li>\n\n\n\n<li>Internationale Markenanmeldung<\/li>\n<\/ul>\n\n\n<div class=\"gb-button-wrapper gb-button-wrapper-091af5d6\">\n\n<a class=\"gb-button gb-button-9a0557b5 gb-button-text\" href=\"https:\/\/www.lanz-berlin.de\/de\/markenanmeldung\/\">mehr<\/a>\n\n<\/div>\n<\/div><\/div><\/div>\n\n<div class=\"gb-grid-column gb-grid-column-907cf685\"><div class=\"gb-container gb-container-907cf685\"><div class=\"gb-inside-container\">\n\n<p class=\"has-medium-font-size\"><strong><strong><strong><strong><strong><strong>DESIGNRECHT<\/strong><\/strong><\/strong><\/strong><\/strong><\/strong><\/p>\n\n\n\n<ul class=\"wp-block-list\">\n<li>Anmeldung von Designs<\/li>\n\n\n\n<li>Abmahnungen wegen Verletzung<\/li>\n\n\n\n<li>Einstweiligen Verf\u00fcgungen<\/li>\n<\/ul>\n\n\n<div class=\"gb-button-wrapper gb-button-wrapper-1f898beb\">\n\n<a class=\"gb-button gb-button-8863af9e gb-button-text\" href=\"https:\/\/www.lanz-berlin.de\/de\/designrecht\/\">mehr<\/a>\n\n<\/div>\n<\/div><\/div><\/div>\n\n<div class=\"gb-grid-column gb-grid-column-8c74a4e3\"><div class=\"gb-container gb-container-8c74a4e3\"><div class=\"gb-inside-container\">\n\n<p class=\"has-medium-font-size\"><strong><strong><strong><strong><strong><strong>DESIGNANMELDUNG<\/strong><\/strong><\/strong><\/strong><\/strong><\/strong><\/p>\n\n\n\n<ul class=\"wp-block-list\">\n<li>Design anmelden in Deutschland<\/li>\n\n\n\n<li>EU-Designanmeldung<\/li>\n\n\n\n<li>Internationale Designanmeldung<\/li>\n<\/ul>\n\n\n<div class=\"gb-button-wrapper gb-button-wrapper-0447f542\">\n\n<a class=\"gb-button gb-button-48b94919 gb-button-text\" href=\"https:\/\/www.lanz-berlin.de\/de\/designanmeldung\/\">mehr<\/a>\n\n<\/div>\n<\/div><\/div><\/div>\n<\/div>\n<\/div><\/div>\n\n\n<hr class=\"wp-block-separator has-text-color has-css-opacity has-background\" style=\"background-color:#333333;color:#333333\"\/>\n\n\n\n<h2 class=\"gb-headline gb-headline-9aa5e2d8 gb-headline-text\">BLOG<\/h2>\n\n\n\n<p class=\"rm-mg-bottom has-medium-font-size\">Neuste Beitr\u00e4ge:<\/p>\n\n\n<div class=\"gb-container gb-container-aa30ea03\"><div class=\"gb-inside-container\">\n\n<div class=\"wp-block-query is-layout-flow wp-block-query-is-layout-flow\"><ul class=\"columns-2 blog-preview-container wp-block-post-template is-layout-grid wp-container-core-post-template-is-layout-17361a50 wp-block-post-template-is-layout-grid\"><li class=\"wp-block-post post-2320 post type-post status-publish format-standard hentry category-aktuelles-ratgeber infinite-scroll-item generate-columns tablet-grid-50 mobile-grid-100 grid-parent grid-50\">\n<div class=\"gb-container gb-container-17be5fe9\"><div class=\"gb-inside-container\">\n<h3 style=\"font-style:normal;font-weight:700;\" class=\"wp-block-post-title has-medium-font-size\"><a href=\"https:\/\/www.lanz-berlin.de\/de\/aktuelles-ratgeber\/eu-marke-oder-deutsche-marke-entscheidungshilfe-fuer-2026\/\" target=\"_self\" >EU-Marke oder deutsche Marke? &#8211; Entscheidungshilfe f\u00fcr 2026<\/a><\/h3>\n\n<div class=\"wp-block-post-excerpt\"><p class=\"wp-block-post-excerpt__excerpt\">Sie wollen eine Marke anmelden und stehen vor der klassischen Frage: Reicht eine deutsche Marke oder sollte es eine EU-Marke sein? Beides kann richtig sein \u2013 es kommt darauf an, wie und wo Sie Ihre Marke nutzen. Die deutsche Marke sch\u00fctzt Ihr Zeichen ausschlie\u00dflich in Deutschland. Das ist oft v\u00f6llig ausreichend, etwa wenn Ihr Unternehmen&hellip; <\/p><\/div>\n<\/div><\/div>\n<\/li><li class=\"wp-block-post post-2303 post type-post status-publish format-standard hentry category-aktuelles-ratgeber infinite-scroll-item generate-columns tablet-grid-50 mobile-grid-100 grid-parent grid-50\">\n<div class=\"gb-container gb-container-17be5fe9\"><div class=\"gb-inside-container\">\n<h3 style=\"font-style:normal;font-weight:700;\" class=\"wp-block-post-title has-medium-font-size\"><a href=\"https:\/\/www.lanz-berlin.de\/de\/aktuelles-ratgeber\/guenstige-markenanmeldung-dank-kmu-fonds-2025\/\" target=\"_self\" >G\u00fcnstige Markenanmeldung dank KMU-Fonds 2025<\/a><\/h3>\n\n<div class=\"wp-block-post-excerpt\"><p class=\"wp-block-post-excerpt__excerpt\">Wie schon in den Vorjahren k\u00f6nnen kleine und mittelst\u00e4ndische Unternehmen eine satte F\u00f6rderung Ihrer Markenanmeldung beantragen, n\u00e4mlich 70% der Anmeldegeb\u00fchren (begrenzt auf 700,00 \u20ac). Die Voraussetzungen f\u00fcr diese F\u00f6rderung erf\u00fcllen praktisch alle kleinen und mittleren Unternehmen: Weniger als 250 Mitarbeiter bzw. weniger als 50 Mio. Umsatz im Jahr. Die F\u00f6rderung erhalten Sie f\u00fcr EU-Marken, aber&hellip; <\/p><\/div>\n<\/div><\/div>\n<\/li><\/ul><\/div>\n\n<\/div><\/div>\n\n<div class=\"gb-button-wrapper gb-button-wrapper-6e86a48f\">\n\n<a class=\"gb-button gb-button-d3bde5e0 gb-button-text mh-button-blog\" href=\"https:\/\/www.lanz-berlin.de\/de\/aktuelles-ratgeber\/\">Zur Blog\u00fcbersicht<\/a>\n\n<\/div>","protected":false},"excerpt":{"rendered":"<p>LEISTUNGEN BLOG Neuste Beitr\u00e4ge:<\/p>\n","protected":false},"author":1,"featured_media":1263,"parent":0,"menu_order":0,"comment_status":"closed","ping_status":"closed","template":"","meta":{"footnotes":""},"class_list":{"0":"post-24","1":"page","2":"type-page","3":"status-publish","4":"has-post-thumbnail","6":"infinite-scroll-item"},"_links":{"self":[{"href":"https:\/\/www.lanz-berlin.de\/de\/wp-json\/wp\/v2\/pages\/24","targetHints":{"allow":["GET"]}}],"collection":[{"href":"https:\/\/www.lanz-berlin.de\/de\/wp-json\/wp\/v2\/pages"}],"about":[{"href":"https:\/\/www.lanz-berlin.de\/de\/wp-json\/wp\/v2\/types\/page"}],"author":[{"embeddable":true,"href":"https:\/\/www.lanz-berlin.de\/de\/wp-json\/wp\/v2\/users\/1"}],"replies":[{"embeddable":true,"href":"https:\/\/www.lanz-berlin.de\/de\/wp-json\/wp\/v2\/comments?post=24"}],"version-history":[{"count":316,"href":"https:\/\/www.lanz-berlin.de\/de\/wp-json\/wp\/v2\/pages\/24\/revisions"}],"predecessor-version":[{"id":2318,"href":"https:\/\/www.lanz-berlin.de\/de\/wp-json\/wp\/v2\/pages\/24\/revisions\/2318"}],"wp:featuredmedia":[{"embeddable":true,"href":"https:\/\/www.lanz-berlin.de\/de\/wp-json\/wp\/v2\/media\/1263"}],"wp:attachment":[{"href":"https:\/\/www.lanz-berlin.de\/de\/wp-json\/wp\/v2\/media?parent=24"}],"curies":[{"name":"wp","href":"https:\/\/api.w.org\/{rel}","templated":true}]}}