{"id":76,"date":"2021-12-10T13:42:20","date_gmt":"2021-12-10T13:42:20","guid":{"rendered":"https:\/\/www.lanz-berlin.de\/?page_id=76"},"modified":"2026-01-15T15:43:28","modified_gmt":"2026-01-15T15:43:28","slug":"markenanmeldung","status":"publish","type":"page","link":"https:\/\/www.lanz-berlin.de\/de\/markenanmeldung\/","title":{"rendered":"Markenanmeldung"},"content":{"rendered":"<div class=\"gb-container gb-container-99e8a381\"><div class=\"gb-inside-container\">\n<div class=\"gb-grid-wrapper gb-grid-wrapper-c8021a8f\">\n<div class=\"gb-grid-column gb-grid-column-3220d683\"><div class=\"gb-container gb-container-3220d683\"><div class=\"gb-inside-container\">\n\n<p>Wir melden Ihre Marke an: Kompetente, verst\u00e4ndliche Beratung mit langj\u00e4hriger Erfahrung durch Rechtsanw\u00e4ltin Dr. Brigitte Lanz in Berlin Mitte.<\/p>\n\n\n\n<ul class=\"wp-block-list\">\n<li>Marke anmelden in Deutschland&nbsp;<\/li>\n\n\n\n<li>EU-Markenanmeldung<\/li>\n\n\n\n<li>Internationale Markenanmeldung<\/li>\n<\/ul>\n\n\n\n<p>Erfragen Sie unsere Festpreise f\u00fcr Markenanmeldungen!<\/p>\n\n\n<div class=\"gb-button-wrapper gb-button-wrapper-5879e236\">\n\n<a class=\"gb-button gb-button-a9e0f081 gb-button-text\" href=\"https:\/\/www.lanz-berlin.de\/de\/kontakt\/\">Kontaktieren Sie uns<\/a>\n\n<\/div>\n\n\n<h2 class=\"gb-headline gb-headline-bc4c3781 gb-headline-text\"><strong>WARUM EINE MARKE ANMELDEN?<\/strong><\/h2>\n\n\n\n<p>Mit Ihrer Marke k\u00f6nnen Sie sich von der Konkurrenz abgrenzen und jedem die unzul\u00e4ssige Benutzung Ihrer Marke verbieten.<\/p>\n\n\n\n<p>Sie k\u00f6nnen Ihre Marke nicht nur f\u00fcr Namen, Abk\u00fcrzungen (Wortmarke) und\/oder Bilder (Bildmarke oder Wort-\/Bildmarke) sch\u00fctzen lassen. Sie k\u00f6nnen Ihren Markenschutz bspw. auch f\u00fcr Formen einer Ware (Warenformmarke) oder die Farbe (Farbmarke) beantragen.<\/p>\n\n\n\n<p>Die Anmeldung der Marke kann, je nach Bedarf, in Deutschland (beim DPMA), der EU (beim EUIPO\/fr\u00fcher: HABM) oder weltweit (WIPO oder nationale Marken\u00e4mter) erfolgen. Als Markeninhaber haben Sie das alleinige Recht, diesen Namen f\u00fcr Ihre eingetragenen Produkte und Dienstleistungen zu benutzen. Denjenigen, der Ihre Marke verletzt, k\u00f6nnen Sie abmahnen und\/oder verklagen.<\/p>\n\n\n\n<p><\/p>\n\n\n\n<h2 class=\"wp-block-heading\"><strong>MARKENRECHERCHE<\/strong><\/h2>\n\n\n\n<p class=\"has-contrast-color has-text-color\">Ist Ihre Marke noch zu haben? Bevor Sie ein Produkt unter einer bestimmten Marke auf den Markt bringen, sollten Sie zuvor eine Markenrecherche vom Markenanwalt durchf\u00fchren lassen. Denn: viele Marken\u00e4mter \u2013 darunter das deutsche \u2013 pr\u00fcfen nicht, ob die zur Anmeldung eingereichte Marke in genau dieser oder \u00e4hnlicher Form schon existiert. Sollte \u201eIhre\u201c Marke jedoch schon registriert sein, droht ein Widerspruch gegen die Eintragung oder gar eine Abmahnung oder Klage.<\/p>\n\n\n\n<p>Sie k\u00f6nnen im Markenregister des DPMA, der WIPO und des EUIPO schnell und einfach mit einem Identit\u00e4tscheck pr\u00fcfen, ob Ihre Marke noch zu haben ist.<\/p>\n\n\n\n<p>Falls ja, empfiehlt sich anschlie\u00dfend oft noch eine \u00c4hnlichkeitsrecherche (da Sie auch keinen Namen benutzen d\u00fcrfen, der so \u00e4hnlich ist, wie der eines Konkurrenten). Profitieren Sie von unserer langj\u00e4hrigen Erfahrung bei Markenrecherchen und fragen Sie uns nach den (meist erschwinglichen) Preisen f\u00fcr eine solche Recherche! <\/p>\n\n\n\n<h2 class=\"gb-headline gb-headline-88a00e0a gb-headline-text\"><strong>MARKENPR\u00dcFUNG<\/strong><\/h2>\n\n\n\n<p>Wichtig: Nicht jede Marke wird vom Markenamt eingetragen. Beispielsweise werden Marken, die rein beschreibend sind, nicht eingetragen (etwa \u201eObst\u201c f\u00fcr einen Obstladen, \u201eS\u00fc\u00dfigkeiten\u201c f\u00fcr einen S\u00fc\u00dfwarenladen, \u201eAuto\u201c f\u00fcr einen Fahrzeughandel etc.). Auch werden etwa vulg\u00e4re Ausdrucke oder Staatsflaggen nicht als Marke ins Register eingetragen.<\/p>\n\n\n\n<h2 class=\"gb-headline gb-headline-4c0f8f5b gb-headline-text\"><strong>KOSTEN<\/strong><\/h2>\n\n\n\n<p>Hier die wichtigsten Amtsgeb\u00fchren f\u00fcr Ihre Markenanmeldung im \u00dcberblick:<\/p>\n\n\n\n<ul class=\"wp-block-list\">\n<li>Deutsches Patent und Markenamt: 290,00 \u20ac (Onlineanmeldung f\u00fcr Waren und Dienstleistungen in nicht mehr als drei Klassen)<\/li>\n\n\n\n<li>Amt der Europ\u00e4ischen Union f\u00fcr geistiges Eigentum (EUIPO): 850,00 \u20ac (Onlineanmeldung f\u00fcr Waren und Dienstleistungen in einer Klasse), Geb\u00fchr f\u00fcr die zweite Klasse: 50,00 \u20ac, Geb\u00fchr f\u00fcr jede weitere Klasse ab der dritten: 150,00 \u20ac.<\/li>\n\n\n\n<li>Internationales Markenamt (WIPO): 653,00 Schweizer Franken Grundgeb\u00fchr plus Geb\u00fchren f\u00fcr das Deutsche Markenamt (\u00fcber dieses wird die Internationale Registrierung beantragt \/ Geb\u00fchren: 180,00 \u20ac) sowie die Geb\u00fchren der einzelnen L\u00e4nder. Mit dem Kostenrechner der WIPO k\u00f6nnen Sie die Amtsgeb\u00fchren selbst errechnen.&nbsp;<\/li>\n\n\n\n<li>Darin nicht enthalten sind die Anwaltsgeb\u00fchren bei Ihrem Anwalt f\u00fcr Markenrecht. Wir melden Ihre Marke an! F\u00fcr Markenanmeldungen bieten wir g\u00fcnstige Pauschalpreise!<\/li>\n<\/ul>\n\n\n\n<h2 class=\"wp-block-heading\"><strong>MINI-CHECKLISTE VOR ANMELDUNG<\/strong><\/h2>\n\n\n\n<ul class=\"wp-block-list\">\n<li>Soll ein Name, ein Logo oder beides gesch\u00fctzt werden?<\/li>\n\n\n\n<li>Wo soll die Marke genutzt werden \u2013 Deutschland, EU oder Ausland?<\/li>\n\n\n\n<li>Gibt es bereits \u00e4ltere Marken, die zu Konflikten f\u00fchren k\u00f6nnten?<\/li>\n\n\n\n<li>Sind die Waren und Dienstleistungen passend und zukunftsf\u00e4hig gew\u00e4hlt?<\/li>\n\n\n\n<li>Passt der Markenschutz zur geplanten Entwicklung Ihres Unternehmens?<\/li>\n<\/ul>\n\n\n\n<h2 class=\"gb-headline gb-headline-6be8509c gb-headline-text\"><strong>ARTIKEL ZUM THEMA:<\/strong><\/h2>\n\n\n\n<ul class=\"wp-block-list\">\n<li><a href=\"https:\/\/www.lanz-berlin.de\/de\/aktuelles-ratgeber\/deutsche-markenanmeldung\/\" data-type=\"post\" data-id=\"737\">Deutsche Markenanmeldung<\/a><\/li>\n\n\n\n<li><a href=\"https:\/\/www.lanz-berlin.de\/de\/aktuelles-ratgeber\/europaeische-markenanmeldung\/\" data-type=\"post\" data-id=\"732\">EU-Markenanmeldung<\/a><\/li>\n\n\n\n<li><a href=\"https:\/\/www.lanz-berlin.de\/de\/aktuelles-ratgeber\/internationale-markenameldung\/\" data-type=\"post\" data-id=\"734\">International Markenanmeldung<\/a><\/li>\n<\/ul>\n\n\n\n<h2 class=\"gb-headline gb-headline-01ba8285 gb-headline-text\"><strong>WICHTIGE LINKS:<\/strong><\/h2>\n\n\n\n<ul class=\"wp-block-list\">\n<li><a rel=\"noreferrer noopener\" href=\"https:\/\/www.dpma.de\/index.html\" target=\"_blank\">Deutsches Marken- und Patentamt (DPMA)<\/a><\/li>\n\n\n\n<li><a rel=\"noreferrer noopener\" href=\"https:\/\/euipo.europa.eu\/ohimportal\/de\/home\" target=\"_blank\">Amt der Europ\u00e4ischen Union f\u00fcr geistiges Eigentum (EUIPO)<\/a><\/li>\n\n\n\n<li><a rel=\"noreferrer noopener\" href=\"https:\/\/www.wipo.int\/portal\/en\/index.html\" target=\"_blank\">Weltorganisation f\u00fcr geistiges Eigentum (&#8222;Weltmarkenamt&#8220; \u2013 WIPO)<\/a><\/li>\n\n\n\n<li><a rel=\"noreferrer noopener\" href=\"http:\/\/US-Marken- und Patentamt (USPTO)\" target=\"_blank\">US-Marken- und Patentamt (USPTO)<\/a><\/li>\n\n\n\n<li><a rel=\"noreferrer noopener\" href=\"https:\/\/madrid.wipo.int\/feecalcapp\/\" target=\"_blank\">Kostenrechner Markenanmeldung der WIPO (&#8222;Weltmarkenamt&#8220;)<\/a><\/li>\n\n\n\n<li><a href=\"http:\/\/tmclass.tmdn.org\/ec2\/\">Suchmaschine<\/a>: Welche Klasse f\u00fcr welche Produkte und Dienstleistungen?<\/li>\n<\/ul>\n\n<\/div><\/div><\/div>\n\n<div class=\"gb-grid-column gb-grid-column-45fe71a3\"><div class=\"gb-container gb-container-45fe71a3\"><div class=\"gb-inside-container\">\n\n<figure class=\"wp-block-image size-full is-resized is-style-rounded\"><a href=\"https:\/\/www.lanz-berlin.de\/wp-content\/uploads\/2022\/02\/Lanz_Anwaltskanzlei_Portrait.jpg\"><img loading=\"lazy\" decoding=\"async\" width=\"620\" height=\"620\" src=\"https:\/\/www.lanz-berlin.de\/wp-content\/uploads\/2022\/02\/Lanz_Anwaltskanzlei_Portrait.jpg\" alt=\"\" class=\"wp-image-1276\" style=\"width:320px;height:320px\" srcset=\"https:\/\/www.lanz-berlin.de\/wp-content\/uploads\/2022\/02\/Lanz_Anwaltskanzlei_Portrait.jpg 620w, https:\/\/www.lanz-berlin.de\/wp-content\/uploads\/2022\/02\/Lanz_Anwaltskanzlei_Portrait-300x300.jpg 300w, https:\/\/www.lanz-berlin.de\/wp-content\/uploads\/2022\/02\/Lanz_Anwaltskanzlei_Portrait-150x150.jpg 150w\" sizes=\"auto, (max-width: 620px) 100vw, 620px\" \/><\/a><\/figure>\n\n<\/div><\/div><\/div>\n<\/div>\n<\/div><\/div>","protected":false},"excerpt":{"rendered":"","protected":false},"author":2,"featured_media":0,"parent":0,"menu_order":0,"comment_status":"closed","ping_status":"closed","template":"","meta":{"footnotes":""},"class_list":{"0":"post-76","1":"page","2":"type-page","3":"status-publish","5":"infinite-scroll-item"},"_links":{"self":[{"href":"https:\/\/www.lanz-berlin.de\/de\/wp-json\/wp\/v2\/pages\/76","targetHints":{"allow":["GET"]}}],"collection":[{"href":"https:\/\/www.lanz-berlin.de\/de\/wp-json\/wp\/v2\/pages"}],"about":[{"href":"https:\/\/www.lanz-berlin.de\/de\/wp-json\/wp\/v2\/types\/page"}],"author":[{"embeddable":true,"href":"https:\/\/www.lanz-berlin.de\/de\/wp-json\/wp\/v2\/users\/2"}],"replies":[{"embeddable":true,"href":"https:\/\/www.lanz-berlin.de\/de\/wp-json\/wp\/v2\/comments?post=76"}],"version-history":[{"count":65,"href":"https:\/\/www.lanz-berlin.de\/de\/wp-json\/wp\/v2\/pages\/76\/revisions"}],"predecessor-version":[{"id":2328,"href":"https:\/\/www.lanz-berlin.de\/de\/wp-json\/wp\/v2\/pages\/76\/revisions\/2328"}],"wp:attachment":[{"href":"https:\/\/www.lanz-berlin.de\/de\/wp-json\/wp\/v2\/media?parent=76"}],"curies":[{"name":"wp","href":"https:\/\/api.w.org\/{rel}","templated":true}]}}